{"id":57,"date":"2017-10-13T18:55:48","date_gmt":"2017-10-13T17:55:48","guid":{"rendered":"http:\/\/it-consults.eu\/ivonet\/?page_id=57"},"modified":"2021-12-14T10:29:58","modified_gmt":"2021-12-14T10:29:58","slug":"training","status":"publish","type":"page","link":"https:\/\/ivonet.org\/fr\/training\/","title":{"rendered":"Training"},"content":{"rendered":"<div id=\"pl-57\"  class=\"panel-layout\" ><div id=\"pg-57-0\"  class=\"panel-grid panel-no-style\" ><div id=\"pgc-57-0-0\"  class=\"panel-grid-cell\" ><div id=\"panel-57-0-0-0\" class=\"so-panel widget widget_moesia_employees moesia_employees_widget panel-first-child panel-last-child\" data-index=\"0\" >\n\t\t<section id=\"employees\" class=\"employees-area\">\n\t\t\t<div class=\"container\">\n\t\t\t\t<h3 class=\"widget-title\"><span class=\"wow bounce\">Formation Continue :<\/span><\/h3>\t\t\t\t\t\t\t\t\t\t\t\t\t\t<div class=\"employee col-md-4 col-sm-6 col-xs-6\">\n\t\t\t\t\t\t\t\t\t\t\t\t\t\t\t\t\t\t\t\t\t<a href=\"https:\/\/www.dutchhealthtecacademy.nl\/\"><img class=\"employee-photo wow zoomInDown\" src=\"https:\/\/ivonet.org\/wp-content\/uploads\/2022\/01\/Logo-DHTA-kopie.jpg\" alt=\"Dutch HealthTec Academy\"><\/a>\n\t\t\t\t\t\t\t\t\t\t\t\t\t\n\t\t\t\t\t\t<h4 class=\"employee-name wow fadeInUp\">Dutch HealthTec Academy<\/h4>\n\t\t\t\t\t\t\t\t\t\t\t\t<div class=\"employee-desc wow fadeInUp\"><p><strong>Dutch HealthTec Academy<\/strong><\/p>\n<p>St. Laurensdreef 22 Dominee<br \/>\n3565 AK Utrecht, Netherlands<br \/>\n<strong>Tel.:<\/strong> +30 6303555<br \/>\n<strong>Mail: <\/strong><a href=\"mailto:info@dhta.nl\">info@dhta.nl<\/a><\/p>\n<\/div>\n\t\t\t\t\t\t\t\t\t\t\t<\/div>\n\t\t\t\t\t\t\t\t\t\t\t\t\t\t<div class=\"employee col-md-4 col-sm-6 col-xs-6\">\n\t\t\t\t\t\t\t\t\t\t\t\t\t\t\t\t\t\t\t\t\t<a href=\"https:\/\/fontys.edu\/\"><img class=\"employee-photo wow zoomInDown\" src=\"https:\/\/ivonet.org\/wp-content\/uploads\/2021\/10\/01-FON-EN_CARD-PAARS-RGB.png\" alt=\"Fontys School for Allied Health Professions\"><\/a>\n\t\t\t\t\t\t\t\t\t\t\t\t\t\n\t\t\t\t\t\t<h4 class=\"employee-name wow fadeInUp\">Fontys School for Allied Health Professions<\/h4>\n\t\t\t\t\t\t\t\t\t\t\t\t<div class=\"employee-desc wow fadeInUp\"><p><strong>Fontys &#8211; School for Allied Health Professions<\/strong><\/p>\n<p>Dominee Theodor Fliednerstraat<br \/>\n2, 5631 BN Eindhoven, Netherlands<br \/>\n<strong>Tel.:<\/strong> +31 639587417<br \/>\n<strong>Mail: <\/strong><a href=\"mailto:p.bruijnen@fontys.nl\">p.bruijnen@fontys.nl<\/a><\/p>\n<\/div>\n\t\t\t\t\t\t\t\t\t\t\t\t\t<div class=\"employee-social wow fadeInUp\">\n\t\t\t\t\t\t\t\t\t\t\t\t\t\t\t\t\t<a href=\"https:\/\/www.facebook.com\/FontysHogescholen\" target=\"_blank\"><i class=\"fa fa-facebook\"><\/i><\/a>\n\t\t\t\t\t\t\t\t\t\t\t\t\t\t\t\t\t\t\t\t\t\t\t\t\t\t\t\t\t\t\t\t\t\t\t\n\t\t\t\t\t\t\t\t\t\t\t\t\t\t\t\t\t<a href=\"https:\/\/www.linkedin.com\/school\/fontys-hogescholen\/\" target=\"_blank\"><i class=\"fa fa-linkedin\"><\/i><\/a>\n\t\t\t\t\t\t\t\t\t\t\t\t\t\t\t<\/div>\n\t\t\t\t\t\t\t\t\t\t\t<\/div>\n\t\t\t\t\t\t\t\t\t\t\t\t\t\t<div class=\"employee col-md-4 col-sm-6 col-xs-6\">\n\t\t\t\t\t\t\t\t\t\t\t\t\t\t\t\t\t\t\t\t\t<a href=\"https:\/\/www.thomasmore.be\/en\/welcome\"><img class=\"employee-photo wow zoomInDown\" src=\"https:\/\/ivonet.org\/wp-content\/uploads\/2020\/10\/thomas-more.png\" alt=\"Thomas More University of Applied Sciences\"><\/a>\n\t\t\t\t\t\t\t\t\t\t\t\t\t\n\t\t\t\t\t\t<h4 class=\"employee-name wow fadeInUp\">Thomas More University of Applied Sciences<\/h4>\n\t\t\t\t\t\t\t\t\t\t\t\t<div class=\"employee-desc wow fadeInUp\"><p><strong>Thomas More University of Applied Sciences<\/strong><\/p>\n<p>Kleinhoefstraat<br \/>\n4, 2440 Geel, Belgium<br \/>\n<strong>Tel.:<\/strong> +32 14 562310<br \/>\n<strong>Mail: <\/strong><a href=\"mailto:helga.vertommen@thomasmore.be\">helga.vertommen@thomasmore.be<\/a><\/p>\n<\/div>\n\t\t\t\t\t\t\t\t\t\t\t\t\t<div class=\"employee-social wow fadeInUp\">\n\t\t\t\t\t\t\t\t\t\t\t\t\t\t\t\t\t<a href=\"https:\/\/www.facebook.com\/ThomasMoreBE\" target=\"_blank\"><i class=\"fa fa-facebook\"><\/i><\/a>\n\t\t\t\t\t\t\t\t\t\t\t\t\t\t\t\t\t\t\t\t\t\t\t\t\t<a href=\"https:\/\/twitter.com\/ThomasMoreBE\" target=\"_blank\"><i class=\"fa fa-twitter\"><\/i><\/a>\n\t\t\t\t\t\t\t\t\t\t\t\t\t\t\t\t\t\t\t\t\t\t\t\t\t\t\t\n\t\t\t\t\t\t\t\t\t\t\t\t\t\t\t<\/div>\n\t\t\t\t\t\t\t\t\t\t\t<\/div>\n\t\t\t\t\t\t\t\t\t\t\t\t\t\t<div class=\"employee col-md-4 col-sm-6 col-xs-6\">\n\t\t\t\t\t\t\t\t\t\t\t\t\t\t\t\t\t\t\t\t\t<a href=\"http:\/\/www.cma37.fr\/fiche\/campus-des-metiers-et-de-l-artisanat\"><img class=\"employee-photo wow zoomInDown\" src=\"https:\/\/ivonet.org\/wp-content\/uploads\/2019\/07\/campus-de-m\u00e9tiers-et-de-lartisanat.jpg\" alt=\"Campus des M\u00e9tiers et de L&rsquo;Artisanat\"><\/a>\n\t\t\t\t\t\t\t\t\t\t\t\t\t\n\t\t\t\t\t\t<h4 class=\"employee-name wow fadeInUp\">Campus des M\u00e9tiers et de L&rsquo;Artisanat<\/h4>\n\t\t\t\t\t\t\t\t\t\t\t\t<div class=\"employee-desc wow fadeInUp\"><p><strong>Campus des M\u00e9tiers et de L&rsquo;Artisanat<\/strong><\/p>\n<p>P\u00f4le d&rsquo;activit\u00e9s Cugnot &#8211; 5\/7 rue Jean Cugnot<br \/>\n37300 Jou\u00e9-L\u00e8s-Tours<br \/>\n<strong>Tel.:<\/strong> 0247784703<br \/>\n<strong>Mail:<\/strong> cac@cm-tours.fr<\/p>\n<\/div>\n\t\t\t\t\t\t\t\t\t\t\t\t\t<div class=\"employee-social wow fadeInUp\">\n\t\t\t\t\t\t\t\t\t\t\t\t\t\t\t\t\t<a href=\"https:\/\/www.facebook.com\/cmatours\" target=\"_blank\"><i class=\"fa fa-facebook\"><\/i><\/a>\n\t\t\t\t\t\t\t\t\t\t\t\t\t\t\t\t\t\t\t\t\t\t\t\t\t\t\t\t\t\t\t\t\t\t\t\n\t\t\t\t\t\t\t\t\t\t\t\t\t\t\t<\/div>\n\t\t\t\t\t\t\t\t\t\t\t<\/div>\n\t\t\t\t\t\t\t\t\t\t\t\t\t\t<div class=\"employee col-md-4 col-sm-6 col-xs-6\">\n\t\t\t\t\t\t\t\t\t\t\t\t\t\t\t\t\t\t\t\t\t<a href=\"https:\/\/lycee-saintmartin59.fr\/lycee\/?fbclid=IwAR1njkW4U2H7W6FYNSylRlIIIHy-4k4S4j5Jvst6ytd3akUPE5TWuNEFG_c\"><img class=\"employee-photo wow zoomInDown\" src=\"https:\/\/ivonet.org\/wp-content\/uploads\/2019\/07\/lycee-prive-saint-martin-e1563196565555.png\" alt=\"Lyc\u00e9e Priv\u00e9 Saint-Martin\"><\/a>\n\t\t\t\t\t\t\t\t\t\t\t\t\t\n\t\t\t\t\t\t<h4 class=\"employee-name wow fadeInUp\">Lyc\u00e9e Priv\u00e9 Saint-Martin<\/h4>\n\t\t\t\t\t\t\t\t\t\t\t\t<div class=\"employee-desc wow fadeInUp\"><p><strong>Lyc\u00e9e Priv\u00e9 Saint-Martin<br \/>\n<\/strong>54 Rue de Lille<br \/>\n59100 &#8211; Roubaix<strong><br \/>\n<\/strong><strong>Tel.:<\/strong> 0320819833<br \/>\n<strong>Mail.:<\/strong> cadministratif@lycee-saintmartin59.com<\/p>\n<\/div>\n\t\t\t\t\t\t\t\t\t\t\t\t\t<div class=\"employee-social wow fadeInUp\">\n\t\t\t\t\t\t\t\t\t\t\t\t\t\t\t\t\t<a href=\"https:\/\/www.facebook.com\/Lyc%C3%A9e-Priv%C3%A9-Saint-Martin-Roubaix-127256817447055\/\" target=\"_blank\"><i class=\"fa fa-facebook\"><\/i><\/a>\n\t\t\t\t\t\t\t\t\t\t\t\t\t\t\t\t\t\t\t\t\t\t\t\t\t\t\t\t\t\t\t\t\t\t\t\n\t\t\t\t\t\t\t\t\t\t\t\t\t\t\t<\/div>\n\t\t\t\t\t\t\t\t\t\t\t<\/div>\n\t\t\t\t\t\t\t\t\t\t\t\t\t\t<div class=\"employee col-md-4 col-sm-6 col-xs-6\">\n\t\t\t\t\t\t\t\t\t\t\t\t\t\t\t\t\t\t\t\t\t<a href=\"http:\/\/www.istm-montplaisir.org\/\"><img class=\"employee-photo wow zoomInDown\" src=\"https:\/\/ivonet.org\/wp-content\/uploads\/2019\/07\/ISTM-MONTPLAISIR.jpg\" alt=\"ISTM Montplaisir\"><\/a>\n\t\t\t\t\t\t\t\t\t\t\t\t\t\n\t\t\t\t\t\t<h4 class=\"employee-name wow fadeInUp\">ISTM Montplaisir<\/h4>\n\t\t\t\t\t\t\t\t\t\t\t\t<div class=\"employee-desc wow fadeInUp\"><p><strong>ISTM Montplaisir<br \/>\n<\/strong>14 Rue Barth\u00e9lemy de Laffemas<br \/>\n26000 Valence<strong><br \/>\n<\/strong><strong>Tel.:<\/strong> 0475821690<br \/>\n<strong>Mail.:<\/strong> contact@lycee-montplaisir.org<\/p>\n<\/div>\n\t\t\t\t\t\t\t\t\t\t\t<\/div>\n\t\t\t\t\t\t\t\t\t\t\t\t\t\t<div class=\"employee col-md-4 col-sm-6 col-xs-6\">\n\t\t\t\t\t\t\t\t\t\t\t\t\t\t\t\t\t\t\t\t\t<a href=\"http:\/\/lyceedalembert.paris\/\"><img class=\"employee-photo wow zoomInDown\" src=\"https:\/\/ivonet.org\/wp-content\/uploads\/2019\/07\/lycee-dalembert.jpg\" alt=\"Lyc\u00e9e Polyvalent D&rsquo;Alembert\"><\/a>\n\t\t\t\t\t\t\t\t\t\t\t\t\t\n\t\t\t\t\t\t<h4 class=\"employee-name wow fadeInUp\">Lyc\u00e9e Polyvalent D&rsquo;Alembert<\/h4>\n\t\t\t\t\t\t\t\t\t\t\t\t<div class=\"employee-desc wow fadeInUp\"><p><strong>Lyc\u00e9e d&rsquo;Alembert<br \/>\n<\/strong>22 sente des Dor\u00e9es<br \/>\n75019 Paris<br \/>\n<strong>Tel.:<\/strong> 0142080410<br \/>\n<strong>Mail.:<\/strong> lyceedalembert75@gmail.com<\/p>\n<\/div>\n\t\t\t\t\t\t\t\t\t\t\t\t\t<div class=\"employee-social wow fadeInUp\">\n\t\t\t\t\t\t\t\t\t\t\t\t\t\t\t\t\t<a href=\"https:\/\/www.facebook.com\/profile.php?id=100011561464969&#038;fref=ts\" target=\"_blank\"><i class=\"fa fa-facebook\"><\/i><\/a>\n\t\t\t\t\t\t\t\t\t\t\t\t\t\t\t\t\t\t\t\t\t\t\t\t\t\t\t\t\t\t\t\t\t\t\t\n\t\t\t\t\t\t\t\t\t\t\t\t\t\t\t<\/div>\n\t\t\t\t\t\t\t\t\t\t\t<\/div>\n\t\t\t\t\t\t\t\t\t\t\t\t\t\t<div class=\"employee col-md-4 col-sm-6 col-xs-6\">\n\t\t\t\t\t\t\t\t\t\t\t\t\t\t\t\t\t\t\t\t\t<a href=\"https:\/\/www.noe.wifi.at\/\"><img class=\"employee-photo wow zoomInDown\" src=\"https:\/\/ivonet.org\/wp-content\/uploads\/2019\/03\/WIFI-der-Wirtschaftskammer-Nieder\u00f6sterreich-e1551958842749.jpg\" alt=\"WIFI der Wirtschaftskammer Nieder\u00f6sterreich\"><\/a>\n\t\t\t\t\t\t\t\t\t\t\t\t\t\n\t\t\t\t\t\t<h4 class=\"employee-name wow fadeInUp\">WIFI der Wirtschaftskammer Nieder\u00f6sterreich<\/h4>\n\t\t\t\t\t\t\t\t\t\t\t\t<div class=\"employee-desc wow fadeInUp\"><p><strong>WIFI der Wirtschaftskammer Nieder\u00f6sterreich<br \/>\n<\/strong>Mariazeller Stra\u00dfe 97<br \/>\n3100 St. P\u00f6lten<br \/>\n<strong>Tel.:<\/strong> 02742 890 2000<\/p>\n<\/div>\n\t\t\t\t\t\t\t\t\t\t\t<\/div>\n\t\t\t\t\t\t\t\t\t\t\t\t\t\t<div class=\"employee col-md-4 col-sm-6 col-xs-6\">\n\t\t\t\t\t\t\t\t\t\t\t\t\t\t\t\t\t\t\t\t\t<a href=\"http:\/\/oim.si\/\"><img class=\"employee-photo wow zoomInDown\" src=\"https:\/\/ivonet.org\/wp-content\/uploads\/2019\/02\/20621253_2027691454129370_3081588826959249163_n-e1550481706631.png\" alt=\"OIM Ortopedski in\u017eeniring\"><\/a>\n\t\t\t\t\t\t\t\t\t\t\t\t\t\n\t\t\t\t\t\t<h4 class=\"employee-name wow fadeInUp\">OIM Ortopedski in\u017eeniring<\/h4>\n\t\t\t\t\t\t\t\t\t\t\t\t<div class=\"employee-desc wow fadeInUp\"><p><strong>OIM Ortopedski in\u017eeniring<\/strong><\/p>\n<p>Maribor:<br \/>\nKoro\u0161ka cesta 172 (Medicinsko termalni center Fontana)<br \/>\n2000 Maribor<\/p>\n<p>Ljubljana:<br \/>\nBohori\u010deva 5 (Zasebna klinika MD medicina)<br \/>\n1000 Ljubljana<\/p>\n<p>Koper:<br \/>\nTom\u0161i\u010deva ulica 4 (fizioterapija Obala)<br \/>\n6000 Koper<\/p>\n<p><strong>Tel.:<\/strong> 02 621 08 20<\/p>\n<\/div>\n\t\t\t\t\t\t\t\t\t\t\t<\/div>\n\t\t\t\t\t\t\t\t\t\t\t\t\t\t<div class=\"employee col-md-4 col-sm-6 col-xs-6\">\n\t\t\t\t\t\t\t\t\t\t\t\t\t\t\t\t\t\t\t\t\t<a href=\"http:\/\/www.pedorthic.ca\"><img class=\"employee-photo wow zoomInDown\" src=\"https:\/\/ivonet.org\/wp-content\/uploads\/2019\/02\/PAC-Logo-e1550481333991.jpg\" alt=\"PAC \u2013 Pedorthic Association of Canada\"><\/a>\n\t\t\t\t\t\t\t\t\t\t\t\t\t\n\t\t\t\t\t\t<h4 class=\"employee-name wow fadeInUp\">PAC \u2013 Pedorthic Association of Canada<\/h4>\n\t\t\t\t\t\t\t\t\t\t\t\t<div class=\"employee-desc wow fadeInUp\"><p><strong>Melanie Tsouras<\/strong><\/p>\n<p><em>Association Coordinator<br \/>\n<\/em>Pedorthic Association of Canada<br \/>\n503-386 Broadway<br \/>\nWinnipeg, Manitoba<br \/>\nR3C 3R6<br \/>\n<strong>Tel.:<\/strong> 888.223.3808<br \/>\n<strong>Fax.:<\/strong> 877.947.9767<\/p>\n<p>&nbsp;<\/p>\n<p>&nbsp;<\/p>\n<\/div>\n\t\t\t\t\t\t\t\t\t\t\t<\/div>\n\t\t\t\t\t\t\t\t\t\t\t\t\t\t<div class=\"employee col-md-4 col-sm-6 col-xs-6\">\n\t\t\t\t\t\t\t\t\t\t\t\t\t\t\t\t\t\t\t\t\t<a href=\"https:\/\/www.scu.edu.au\/school-of-health-and-human-sciences\/disciplines\/pedorthics\/\"><img class=\"employee-photo wow zoomInDown\" src=\"https:\/\/ivonet.org\/wp-content\/uploads\/2019\/02\/28467902_1899875636712232_3333215065451831814_n-e1549270640370.png\" alt=\"Southern Cross University\"><\/a>\n\t\t\t\t\t\t\t\t\t\t\t\t\t\n\t\t\t\t\t\t<h4 class=\"employee-name wow fadeInUp\">Southern Cross University<\/h4>\n\t\t\t\t\t\t\t\t\t\t\t\t<div class=\"employee-desc wow fadeInUp\"><p><strong>Southern Cross University<\/strong><\/p>\n<p>Karl-Heinz Schott<br \/>\nPedorthics Unit Assessor<br \/>\nSchool of Health and Human Sciences<br \/>\nSouthern Cross University |\u00a0Southern Cross Drive<br \/>\nBilinga Qld 4225, Australia<br \/>\n<strong>Mail:<\/strong>\u00a0<a href=\"mailto:karl-heinz.schott@scu.edu.au\">karl-heinz.schott@scu.edu.au<\/a><\/p>\n<\/div>\n\t\t\t\t\t\t\t\t\t\t\t<\/div>\n\t\t\t\t\t\t\t\t\t\t\t\t\t\t<div class=\"employee col-md-4 col-sm-6 col-xs-6\">\n\t\t\t\t\t\t\t\t\t\t\t\t\t\t\t\t\t\t\t\t\t<a href=\"https:\/\/pedorthics.org.au\/\"><img class=\"employee-photo wow zoomInDown\" src=\"https:\/\/ivonet.org\/wp-content\/uploads\/2020\/02\/image005.png\" alt=\"Australian Pedorthic Medical Grade Footwear Association Inc.\"><\/a>\n\t\t\t\t\t\t\t\t\t\t\t\t\t\n\t\t\t\t\t\t<h4 class=\"employee-name wow fadeInUp\">Australian Pedorthic Medical Grade Footwear Association Inc.<\/h4>\n\t\t\t\t\t\t\t\t\t\t\t\t<div class=\"employee-desc wow fadeInUp\"><p><strong>Australian Pedorthic Medical Grade Footwear Association Inc. <\/strong><\/p>\n<p>PO Box 5144 Prestons NSW 2170<br \/>\n<strong>Tel.:<\/strong> 02 9823 0684<br \/>\n<strong>Fax:<\/strong> 02 9610 7950<\/p>\n<\/div>\n\t\t\t\t\t\t\t\t\t\t\t<\/div>\n\t\t\t\t\t\t\t\t\t\t\t\t\t\t<div class=\"employee col-md-4 col-sm-6 col-xs-6\">\n\t\t\t\t\t\t\t\t\t\t\t\t\t\t\t\t\t\t\t\t\t<a href=\"http:\/\/www.bfo.de\/\"><img class=\"employee-photo wow zoomInDown\" src=\"https:\/\/ivonet.org\/wp-content\/uploads\/2018\/04\/TRAINING-bfo-2-e1523436896287.png\" alt=\"Bundesfachschule f\u00fcr Orthop\u00e4die-Schuhtechnik\"><\/a>\n\t\t\t\t\t\t\t\t\t\t\t\t\t\n\t\t\t\t\t\t<h4 class=\"employee-name wow fadeInUp\">Bundesfachschule f\u00fcr Orthop\u00e4die-Schuhtechnik<\/h4>\n\t\t\t\t\t\t\t\t\t\t\t\t<div class=\"employee-desc wow fadeInUp\"><p>Ricklinger Stadtweg 90-92, 30459 Hannover<br \/>\n<strong>Tel.:<\/strong> 0511 \u2013 421052<br \/>\n<strong>Fax:<\/strong> 0511 \u2013 421053<br \/>\n<strong>Mail<\/strong>: <a href=\"mailto:Hallo@BfO.de\">Hallo@BfO.de<\/a><\/p>\n<\/div>\n\t\t\t\t\t\t\t\t\t\t\t<\/div>\n\t\t\t\t\t\t\t\t\t\t\t\t\t\t<div class=\"employee col-md-4 col-sm-6 col-xs-6\">\n\t\t\t\t\t\t\t\t\t\t\t\t\t\t\t\t\t\t\t\t\t<a href=\"http:\/\/www.orthopaedie-schuhtechnik-sachsen.de\"><img class=\"employee-photo wow zoomInDown\" src=\"https:\/\/ivonet.org\/wp-content\/uploads\/2017\/10\/logo-1-1.png\" alt=\"Meisterschule Siebenlehn &#8211; Internationales Bildungszentrum\"><\/a>\n\t\t\t\t\t\t\t\t\t\t\t\t\t\n\t\t\t\t\t\t<h4 class=\"employee-name wow fadeInUp\">Meisterschule Siebenlehn &#8211; Internationales Bildungszentrum<\/h4>\n\t\t\t\t\t\t\t\t\t\t\t\t<div class=\"employee-desc wow fadeInUp\"><p>Internationales Bildungszentrum<br \/>\nLiebichstr. 4, 09603 Gro\u00dfschirma<br \/>\n<strong>Tel.:<\/strong> 035242 \u2013 4170<br \/>\n<strong>Fax:<\/strong> 035242 \u2013 41720<br \/>\n<strong>Mail:<\/strong> <a href=\"mailto:meisterschule-siebenlehn@t-online.de\">meisterschule-siebenlehn@t-online.de<\/a><\/p>\n<\/div>\n\t\t\t\t\t\t\t\t\t\t\t<\/div>\n\t\t\t\t\t\t\t\t\t\t\t\t\t\t<div class=\"employee col-md-4 col-sm-6 col-xs-6\">\n\t\t\t\t\t\t\t\t\t\t\t\t\t\t\t\t\t\t\t\t\t<a href=\"http:\/\/www.boss-langen.de\/kontakt.php\"><img class=\"employee-photo wow zoomInDown\" src=\"https:\/\/ivonet.org\/wp-content\/uploads\/2017\/10\/BOSS-Meisterschule-Fortbildungszentrum-e1548771378605.png\" alt=\"Bildungszentrum-Orthop\u00e4die-Schuhtechnik S\u00fcdwest\"><\/a>\n\t\t\t\t\t\t\t\t\t\t\t\t\t\n\t\t\t\t\t\t<h4 class=\"employee-name wow fadeInUp\">Bildungszentrum-Orthop\u00e4die-Schuhtechnik S\u00fcdwest<\/h4>\n\t\t\t\t\t\t\t\t\t\t\t\t<div class=\"employee-desc wow fadeInUp\"><p>Paul-Ehrlich-Str. 1b, 63225 Langen<br \/>\n<strong>Tel.:<\/strong> 06103 &#8211; 90170<br \/>\n<strong>Fax:<\/strong> 06103 &#8211; 901727<br \/>\n<strong>Mail:<\/strong> <a href=\"mailto:info@boss-langen.de\">info@boss-langen.de<\/a><\/p>\n<\/div>\n\t\t\t\t\t\t\t\t\t\t\t<\/div>\n\t\t\t\t\t\t\t\t\t\t\t\t\t\t<div class=\"employee col-md-4 col-sm-6 col-xs-6\">\n\t\t\t\t\t\t\t\t\t\t\t\t\t\t\t\t\t\t\t\t\t<a href=\"https:\/\/www.hwk-duesseldorf.de\/\"><img class=\"employee-photo wow zoomInDown\" src=\"https:\/\/ivonet.org\/wp-content\/uploads\/2017\/10\/5training-e1523437012880.png\" alt=\"Berufsbildungsst\u00e4tte der Handwerkskammer D\u00fcsseldorf\"><\/a>\n\t\t\t\t\t\t\t\t\t\t\t\t\t\n\t\t\t\t\t\t<h4 class=\"employee-name wow fadeInUp\">Berufsbildungsst\u00e4tte der Handwerkskammer D\u00fcsseldorf<\/h4>\n\t\t\t\t\t\t\t\t\t\t\t\t<div class=\"employee-desc wow fadeInUp\"><p>Georg-Schulhoff-Platz 1, 40221 D\u00fcsseldorf<br \/>\n<strong>Tel.:<\/strong> 0211 \u2013 87950<br \/>\n<strong>Fax:<\/strong> 0211 \u2013 8795110<br \/>\n<strong>Mail:<\/strong> <a href=\"mailto:infozentrum@hwk-duesseldorf.de\">infozentrum@hwk-duesseldorf.de<\/a><\/p>\n<\/div>\n\t\t\t\t\t\t\t\t\t\t\t<\/div>\n\t\t\t\t\t\t\t\t\t\t\t\t\t\t<div class=\"employee col-md-4 col-sm-6 col-xs-6\">\n\t\t\t\t\t\t\t\t\t\t\t\t\t\t\t\t\t\t\t\t\t<a href=\"https:\/\/www.hwkno.de\/\"><img class=\"employee-photo wow zoomInDown\" src=\"https:\/\/ivonet.org\/wp-content\/uploads\/2017\/10\/1004065_619159404775697_2055937698_n-e1523437062296.jpg\" alt=\"Bayerisches Kompetenzzentrum f\u00fcr Orthop\u00e4die in Landshut \/ M\u00fcnchener Bildungsst\u00e4tte f\u00fcr Orthop\u00e4die-Schuhtechnik\"><\/a>\n\t\t\t\t\t\t\t\t\t\t\t\t\t\n\t\t\t\t\t\t<h4 class=\"employee-name wow fadeInUp\">Bayerisches Kompetenzzentrum f\u00fcr Orthop\u00e4die in Landshut \/ M\u00fcnchener Bildungsst\u00e4tte f\u00fcr Orthop\u00e4die-Schuhtechnik<\/h4>\n\t\t\t\t\t\t\t\t\t\t\t\t<div class=\"employee-desc wow fadeInUp\"><p>Berufsbildungs- und Technologiezentrum<br \/>\nAm Lurzenhof 10 b\/c, 84036 Landshut<br \/>\n<strong>Tel.:<\/strong> 0871- 505-0<br \/>\n<strong>Fax:<\/strong> 0871- 51092<br \/>\n<strong>Mail:<\/strong> <a href=\"mailto:btz.landshut@hwkno.de\">btz.landshut@hwkno.de<\/a><\/p>\n<\/div>\n\t\t\t\t\t\t\t\t\t\t\t<\/div>\n\t\t\t\t\t\t\t\t\t\t\t\t\t\t<div class=\"employee col-md-4 col-sm-6 col-xs-6\">\n\t\t\t\t\t\t\t\t\t\t\t\t\t\t\t\t\t\t\t\t\t<a href=\"http:\/\/www.f-u-s.org\/\"><img class=\"employee-photo wow zoomInDown\" src=\"https:\/\/ivonet.org\/wp-content\/uploads\/2017\/10\/25b646_7d2bb53f78b04545afc467c69ff009c8.png\" alt=\"Ausbildungszentrum Verband Fuss &#038; Schuh, Zofingen\"><\/a>\n\t\t\t\t\t\t\t\t\t\t\t\t\t\n\t\t\t\t\t\t<h4 class=\"employee-name wow fadeInUp\">Ausbildungszentrum Verband Fuss &#038; Schuh, Zofingen<\/h4>\n\t\t\t\t\t\t\t\t\t\t\t\t<div class=\"employee-desc wow fadeInUp\"><p class=\"paragraph_style_3\">Bildungszentrum (BZZ)<span class=\"style\">\u00a0<\/span><br \/>\nStrengelbacherstrasse 27<br \/>\n4800 Zofingen<br \/>\nSekretariat<br \/>\nTribschenstrasse 7 Postfach 3065<br \/>\n6002 Luzern<br \/>\n<strong>Tel.: <\/strong>0041-41 368 58 09<br \/>\n<strong>Fax:<\/strong> 0041-41 368 58 59<br \/>\n<strong>Mail:<\/strong>\u00a0<a class=\"class12\" title=\"mailto:info@ssomv.ch?subject=\" href=\"mailto:info@ssomv.ch?subject=\"><span class=\"style_1\">info@f-u-s.ch<\/span><\/a><\/p>\n<\/div>\n\t\t\t\t\t\t\t\t\t\t\t<\/div>\n\t\t\t\t\t\t\t\t\t\t\t\t\t\t<div class=\"employee col-md-4 col-sm-6 col-xs-6\">\n\t\t\t\t\t\t\t\t\t\t\t\t\t\t\t\t\t\t\t\t\t<a href=\"https:\/\/www.fh-muenster.de\"><img class=\"employee-photo wow zoomInDown\" src=\"https:\/\/ivonet.org\/wp-content\/uploads\/2017\/10\/fh-muenster-logo.png\" alt=\"Fachhochschule M\u00fcnster\"><\/a>\n\t\t\t\t\t\t\t\t\t\t\t\t\t\n\t\t\t\t\t\t<h4 class=\"employee-name wow fadeInUp\">Fachhochschule M\u00fcnster<\/h4>\n\t\t\t\t\t\t\t\t\t\t\t\t<div class=\"employee-desc wow fadeInUp\"><p>H\u00fcfferstra\u00dfe 27, 48149 M\u00fcnster<br \/>\n<strong>Tel.:<\/strong> 0251 83-0<br \/>\n<strong>Fax:<\/strong> 0251\u00a0 83-64015<br \/>\n<strong>Mail:<\/strong><a class=\"class14\" title=\"mailto: verwaltung@fh-muenster.de\" href=\"mailto:%20verwaltung@fh-muenster.de\"><span class=\"style_1\">\u00a0verwaltung@fh-muenster.de<\/span><\/a><\/p>\n<\/div>\n\t\t\t\t\t\t\t\t\t\t\t<\/div>\n\t\t\t\t\t\t\t<\/div>\n\t\t\t\t\t\n\t\t<\/section>\n\t\t\t\t\n\t\t\n\t<\/div><\/div><\/div><\/div>","protected":false},"excerpt":{"rendered":"<p>Formation Continue :<\/p>\n","protected":false},"author":13,"featured_media":0,"parent":0,"menu_order":0,"comment_status":"closed","ping_status":"closed","template":"page_fullwidth.php","meta":{"footnotes":""},"_links":{"self":[{"href":"https:\/\/ivonet.org\/fr\/wp-json\/wp\/v2\/pages\/57"}],"collection":[{"href":"https:\/\/ivonet.org\/fr\/wp-json\/wp\/v2\/pages"}],"about":[{"href":"https:\/\/ivonet.org\/fr\/wp-json\/wp\/v2\/types\/page"}],"author":[{"embeddable":true,"href":"https:\/\/ivonet.org\/fr\/wp-json\/wp\/v2\/users\/13"}],"replies":[{"embeddable":true,"href":"https:\/\/ivonet.org\/fr\/wp-json\/wp\/v2\/comments?post=57"}],"version-history":[{"count":15,"href":"https:\/\/ivonet.org\/fr\/wp-json\/wp\/v2\/pages\/57\/revisions"}],"predecessor-version":[{"id":1031,"href":"https:\/\/ivonet.org\/fr\/wp-json\/wp\/v2\/pages\/57\/revisions\/1031"}],"wp:attachment":[{"href":"https:\/\/ivonet.org\/fr\/wp-json\/wp\/v2\/media?parent=57"}],"curies":[{"name":"wp","href":"https:\/\/api.w.org\/{rel}","templated":true}]}}