{"id":12,"date":"2017-10-13T18:28:03","date_gmt":"2017-10-13T17:28:03","guid":{"rendered":"http:\/\/it-consults.eu\/ivonet\/?page_id=12"},"modified":"2021-12-14T10:29:28","modified_gmt":"2021-12-14T10:29:28","slug":"home-3","status":"publish","type":"page","link":"https:\/\/ivonet.org\/fr\/","title":{"rendered":"Home"},"content":{"rendered":"<h2>Association:<\/h2>\n<p><strong>IVO promeut la coop\u00e9ration internationale dans le domaine de la technique des chaussures orthop\u00e9diques.\u00a0<\/strong><\/p>\n<p>&nbsp;<\/p>\n<p><u>IVO a, entre autres, les fonctions suivantes\u00a0:<\/u><\/p>\n<p>&nbsp;<\/p>\n<ul>\n<li>Organisation de conf\u00e9rences commerciales internationales, d\u2019expositions sp\u00e9cialis\u00e9es et de comp\u00e9titions<\/li>\n<li>Promotion de contact professionnels sans fronti\u00e8res<\/li>\n<li>Efforts communs envers une collaboration \u00e9troite avec des orthop\u00e9distes, des associations param\u00e9dicales ainsi qu\u2019avec des institutions nationales et internationales de la pr\u00e9vention et r\u00e9habilitation dans le domaine de l\u2019orthop\u00e9die<\/li>\n<li>Efforts communs envers les ajustements des syst\u00e8mes de formation et d\u2019\u00e9valuation ainsi que pour l\u2019uniformisation de la profession<\/li>\n<li>Echange d\u2019exp\u00e9rience sur le terrain<\/li>\n<li>Promotion de l\u2019\u00e9change entre employ\u00e9s<\/li>\n<li>Proc\u00e9dures afin de surmonter les barri\u00e8res linguistiques<\/li>\n<li>Communication avec les associations professionnelles dans le monde entier<\/li>\n<\/ul>\n<hr \/>\n<h2>\u00e0 propos d&rsquo;IVO:<\/h2>\n<p>&nbsp;<\/p>\n<ul>\n<li>IVO est la coalition d\u2019organisations et d\u2019associations nationales et \u00e9trang\u00e8res des techniques des chaussures orthop\u00e9diques<\/li>\n<li>IVO cherche \u00e0 promouvoir la coop\u00e9ration ainsi que la communication professionnelle sans fronti\u00e8res<\/li>\n<li>IVO organise des conf\u00e9rences et expositions commerciales internationales dans ce domaine<\/li>\n<li>\u00c9tablissement de directives internationales valables pour l\u2019ex\u00e9cution et l\u2019\u00e9valuation des expositions et des concours<\/li>\n<li>Promotion d\u2019une terminologie technique universelle<\/li>\n<li>Des efforts communs pour une coop\u00e9ration \u00e9troite avec la soci\u00e9t\u00e9 m\u00e9dicale, les associations des professions param\u00e9dicales ainsi que les institutions nationales et internationales de la pr\u00e9vention et r\u00e9habilitation dans le domaine de l\u2019orthop\u00e9die<\/li>\n<li>Efforts communs pour l\u2019harmonisation des syst\u00e8mes d\u2019\u00e9ducation et d\u2019\u00e9valuation et pour l\u2019uniformisation des profils d\u2019emploi<\/li>\n<li>Echange d\u2019exp\u00e9riences dans le domaine technique en fournissant des sp\u00e9cialistes du domaine, de la litt\u00e9rature technique et du mat\u00e9riel de d\u00e9monstration (des films instructifs et \u00e9ducatives, diapositives, ordinateurs, technologie, etc.)<\/li>\n<li>Echange de statistiques \u00e9conomiques, d\u2019enqu\u00eates sur les affaires et la politique sociale ainsi que de l\u2019information pour les publicit\u00e9s et les relations publiques<\/li>\n<li>Promotion de l\u2019\u00e9change entre employ\u00e9s<\/li>\n<li>Mesures visant \u00e0 surmonter les barri\u00e8res linguistiques \u00e0 travers la coop\u00e9ration de magazines du terrain et la mise \u00e0 disposition de traducteurs<\/li>\n<li>Etablir des contacts pour l\u2019unification professionnelle dans le monde tant qu\u2019ils soient li\u00e9s aux soins orthop\u00e9diques<\/li>\n<li>Soutien du tiers-monde dans toutes les questions li\u00e9es au bien-\u00eatre et \u00e0 l\u2019aide orthop\u00e9dique, et en particulier \u00e0 l&rsquo;\u00e9ducation et formation continue d\u2019une nouvelle g\u00e9n\u00e9ration professionnelle<\/li>\n<li>Un congr\u00e8s a lieu tous les trois ans<\/li>\n<\/ul>\n","protected":false},"excerpt":{"rendered":"<p>Association: IVO promeut la coop\u00e9ration internationale dans le domaine de la technique des chaussures orthop\u00e9diques.\u00a0 &nbsp; IVO a, entre autres, les fonctions suivantes\u00a0: &nbsp; Organisation de conf\u00e9rences commerciales internationales, d\u2019expositions [&hellip;]<\/p>\n","protected":false},"author":13,"featured_media":0,"parent":0,"menu_order":0,"comment_status":"closed","ping_status":"closed","template":"page_fullwidth.php","meta":{"footnotes":""},"_links":{"self":[{"href":"https:\/\/ivonet.org\/fr\/wp-json\/wp\/v2\/pages\/12"}],"collection":[{"href":"https:\/\/ivonet.org\/fr\/wp-json\/wp\/v2\/pages"}],"about":[{"href":"https:\/\/ivonet.org\/fr\/wp-json\/wp\/v2\/types\/page"}],"author":[{"embeddable":true,"href":"https:\/\/ivonet.org\/fr\/wp-json\/wp\/v2\/users\/13"}],"replies":[{"embeddable":true,"href":"https:\/\/ivonet.org\/fr\/wp-json\/wp\/v2\/comments?post=12"}],"version-history":[{"count":129,"href":"https:\/\/ivonet.org\/fr\/wp-json\/wp\/v2\/pages\/12\/revisions"}],"predecessor-version":[{"id":1100,"href":"https:\/\/ivonet.org\/fr\/wp-json\/wp\/v2\/pages\/12\/revisions\/1100"}],"wp:attachment":[{"href":"https:\/\/ivonet.org\/fr\/wp-json\/wp\/v2\/media?parent=12"}],"curies":[{"name":"wp","href":"https:\/\/api.w.org\/{rel}","templated":true}]}}