{"id":45,"date":"2017-10-13T18:55:30","date_gmt":"2017-10-13T17:55:30","guid":{"rendered":"http:\/\/it-consults.eu\/ivonet\/?page_id=45"},"modified":"2021-12-14T10:29:36","modified_gmt":"2021-12-14T10:29:36","slug":"members","status":"publish","type":"page","link":"https:\/\/ivonet.org\/de\/members\/","title":{"rendered":"Members"},"content":{"rendered":"<div id=\"pl-45\"  class=\"panel-layout\" ><div id=\"pg-45-0\"  class=\"panel-grid panel-no-style\" ><div id=\"pgc-45-0-0\"  class=\"panel-grid-cell\" ><div id=\"panel-45-0-0-0\" class=\"so-panel widget widget_moesia_employees moesia_employees_widget panel-first-child panel-last-child\" data-index=\"0\" >\n\t\t<section id=\"employees\" class=\"employees-area\">\n\t\t\t<div class=\"container\">\n\t\t\t\t<h3 class=\"widget-title\"><span class=\"wow bounce\">Nationale Verb\u00e4nde der folgenden L\u00e4nder sind Mitglieder von IVO :<\/span><\/h3>\t\t\t\t\t\t\t\t\t\t\t\t\t\t<div class=\"employee col-md-4 col-sm-6 col-xs-6\">\n\t\t\t\t\t\t\t\t\t\t\t\t\t\t\t\t\t\t\t\t\t<a href=\"https:\/\/www.nm4y.com\/\"><img class=\"employee-photo wow zoomInDown\" src=\"https:\/\/ivonet.org\/wp-content\/uploads\/2021\/11\/OLAV_PICTURE2-1.png\" alt=\"Olav Toornend\"><\/a>\n\t\t\t\t\t\t\t\t\t\t\t\t\t\n\t\t\t\t\t\t<h4 class=\"employee-name wow fadeInUp\">Olav Toornend<\/h4>\n\t\t\t\t\t\t\t\t\t\t\t\t<div class=\"employee-desc wow fadeInUp\"><p><span style=\"color: #0091b6;\">President<\/span><\/p>\n<p><strong class=\"employee-blue\">Nimco Portugal, Lda\u00a0<\/strong><\/p>\n<p style=\"margin: 0cm 0cm 7.5pt 0cm;\"><span style=\"font-size: 10.5pt; font-family: 'Arial',sans-serif; color: #808285;\">Parque Cesarimo &#8211; Fra\u00e7\u00e3o B<br style=\"box-sizing: border-box;\" \/>Av. Comendador \u00c2ngelo da Silva Azevedo, n\u00ba 284<br style=\"box-sizing: border-box;\" \/>3700-648 Cesar OAZ<br \/>\nPortugal<br \/>\n<strong style=\"box-sizing: border-box;\"><span style=\"font-family: 'Arial',sans-serif;\">Tel.: <\/span><\/strong><span style=\"font-family: 'Arial',sans-serif;\">+ 351 256 810 470\u00a0<\/span><\/span><span style=\"font-size: 10.5pt; font-family: 'Arial',sans-serif; color: #808285;\"><br style=\"box-sizing: border-box;\" \/><strong style=\"box-sizing: border-box;\"><span style=\"font-family: 'Arial',sans-serif;\">Fax.:<\/span><\/strong> +351 256 810 479<br style=\"box-sizing: border-box;\" \/><strong style=\"box-sizing: border-box;\"><span style=\"font-family: 'Arial',sans-serif;\">Mail:<\/span><\/strong><a href=\"mailto:olav.toornend@nm4y.com\"> olav.toornend@nm4y.com<\/a><\/span><\/p>\n<p>&nbsp;<\/p>\n<\/div>\n\t\t\t\t\t\t\t\t\t\t\t<\/div>\n\t\t\t\t\t\t\t\t\t\t\t\t\t\t<div class=\"employee col-md-4 col-sm-6 col-xs-6\">\n\t\t\t\t\t\t\t\t\t\t\t\t\t\t\t\t\t\t\t\t\t<a href=\"https:\/\/www.ffpo.fr\/\"><img class=\"employee-photo wow zoomInDown\" src=\"https:\/\/ivonet.org\/wp-content\/uploads\/2018\/04\/Hugues-Bontemps.png\" alt=\"Hugues Bontemps\"><\/a>\n\t\t\t\t\t\t\t\t\t\t\t\t\t\n\t\t\t\t\t\t<h4 class=\"employee-name wow fadeInUp\">Hugues Bontemps<\/h4>\n\t\t\t\t\t\t\t\t\t\t\t\t<div class=\"employee-desc wow fadeInUp\"><p><span style=\"color: #92c95e;\"><strong>FFPO \u2013 F\u00e9d\u00e9ration Fran\u00e7aise des Podo-Orth\u00e9sistes<\/strong><\/span><\/p>\n<p><span style=\"font-size: 10.5pt; font-family: 'Arial',sans-serif; color: #808285;\">15 rue de Li\u00e8ge\u00a0<br style=\"box-sizing: border-box;\" \/>70059 Paris\u00a0<br style=\"box-sizing: border-box;\" \/>France<br \/>\n<strong style=\"box-sizing: border-box;\"><span style=\"font-family: 'Arial',sans-serif;\">Tel.: <\/span><\/strong><span style=\"font-family: 'Arial',sans-serif;\">+ 33 1 53 38 55 59\u00a0<\/span><\/span><span style=\"font-size: 10.5pt; font-family: 'Arial',sans-serif; color: #808285;\"><br style=\"box-sizing: border-box;\" \/><strong style=\"box-sizing: border-box;\"><span style=\"font-family: 'Arial',sans-serif;\">Mail:<\/span><\/strong><a href=\"mailto:ffpo@orange.fr\"><span style=\"font-family: 'Arial',sans-serif;\"> ffpo@orange.fr<\/span><\/a><\/span><\/p>\n<\/div>\n\t\t\t\t\t\t\t\t\t\t\t<\/div>\n\t\t\t\t\t\t\t\t\t\t\t\t\t\t<div class=\"employee col-md-4 col-sm-6 col-xs-6\">\n\t\t\t\t\t\t\t\t\t\t\t\t\t\t\t\t\t\t\t\t\t<a href=\"https:\/\/ivonet.org\"><img class=\"employee-photo wow zoomInDown\" src=\"https:\/\/ivonet.org\/wp-content\/uploads\/2024\/11\/new-ivo2.jpg\" alt=\"Ivana Molinari\"><\/a>\n\t\t\t\t\t\t\t\t\t\t\t\t\t\n\t\t\t\t\t\t<h4 class=\"employee-name wow fadeInUp\">Ivana Molinari<\/h4>\n\t\t\t\t\t\t\t\t\t\t\t\t<div class=\"employee-desc wow fadeInUp\"><p><span style=\"color: #99cc00;\"><strong>President Molinari srl \u00a0<\/strong><\/span><\/p>\n<p style=\"margin: 0cm 0cm 7.5pt 0cm;\"><span style=\"font-size: 10.5pt; font-family: 'Arial',sans-serif; color: #808285;\">Localit\u00e0 Martella<br style=\"box-sizing: border-box;\" \/>29014 Castell&#8217;Arquatto (PC)<br style=\"box-sizing: border-box;\" \/>Italy<\/span><\/p>\n<p style=\"margin: 0cm 0cm 7.5pt 0cm;\"><span style=\"font-size: 10.5pt; font-family: 'Arial',sans-serif; color: #808285;\"><strong style=\"box-sizing: border-box;\"><span style=\"font-family: 'Arial',sans-serif;\">Tel.: <\/span><\/strong><span style=\"font-family: 'Arial',sans-serif;\">+ 0039 523 804123<\/span><\/span><span style=\"font-size: 10.5pt; font-family: 'Arial',sans-serif; color: #808285;\"><br style=\"box-sizing: border-box;\" \/><strong style=\"box-sizing: border-box;\"><span style=\"font-family: 'Arial',sans-serif;\">Fax.:<\/span><\/strong> +<span style=\"font-family: 'Arial',sans-serif;\">0039 523 804346<\/span><br style=\"box-sizing: border-box;\" \/><strong style=\"box-sizing: border-box;\"><span style=\"font-family: 'Arial',sans-serif;\">Mail:<\/span><\/strong><a href=\"ivana@molinarisrl.it\"> ivana@molinarisrl.it<\/a><\/span><\/p>\n<\/div>\n\t\t\t\t\t\t\t\t\t\t\t<\/div>\n\t\t\t\t\t\t\t\t\t\t\t\t\t\t<div class=\"employee col-md-4 col-sm-6 col-xs-6\">\n\t\t\t\t\t\t\t\t\t\t\t\t\t\t\t\t\t\t\t\t\t<a href=\"http:\/\/Dejan%20Ta\u0161ner\"><img class=\"employee-photo wow zoomInDown\" src=\"https:\/\/ivonet.org\/wp-content\/uploads\/2018\/04\/oim_brezlogo-320.jpg\" alt=\"Dejan Ta\u0161ner\"><\/a>\n\t\t\t\t\t\t\t\t\t\t\t\t\t\n\t\t\t\t\t\t<h4 class=\"employee-name wow fadeInUp\">Dejan Ta\u0161ner<\/h4>\n\t\t\t\t\t\t\t\t\t\t\t\t<div class=\"employee-desc wow fadeInUp\"><p><strong class=\"employee-blue\">Ortopedski\u00a0in\u017eeniring\u00a0Maribor<\/strong><\/p>\n<p>Ulica\u00a0Vita\u00a0Kraigherja\u00a05<br \/>\n2000 Maribor<br \/>\nSlovenia<br \/>\n<strong>Tel.:<\/strong> 02 621 08 20<br \/>\n<strong>Mail:<\/strong> <a href=\"mailto:dejan.tasner@oim.si\">dejan.tasner@oim.si<\/a><\/p>\n<\/div>\n\t\t\t\t\t\t\t\t\t\t\t<\/div>\n\t\t\t\t\t\t\t\t\t\t\t\t\t\t<div class=\"employee col-md-4 col-sm-6 col-xs-6\">\n\t\t\t\t\t\t\t\t\t\t\t\t\t\t\t\t\t\t\t\t\t<a href=\"https:\/\/pedorthics.org.au\/\"><img class=\"employee-photo wow zoomInDown\" src=\"https:\/\/ivonet.org\/wp-content\/uploads\/2018\/04\/australia.jpg\" alt=\"Katrin Wegener\"><\/a>\n\t\t\t\t\t\t\t\t\t\t\t\t\t\n\t\t\t\t\t\t<h4 class=\"employee-name wow fadeInUp\">Katrin Wegener<\/h4>\n\t\t\t\t\t\t\t\t\t\t\t\t<div class=\"employee-desc wow fadeInUp\"><p><strong class=\"employee-blue\">PAA &#8211; Pedorthic Association of Australia<\/strong><\/p>\n<p>PO Box 319<br \/>\nGlenorie, NSW 2157<br \/>\nAustralia<br \/>\n<strong>Tel.:<\/strong> 0061 1300 734 644<br \/>\n<strong>Mail:<\/strong> <a href=\"mailto:Info@pedorthics.org.au\">Info@pedorthics.org.au<\/a><\/p>\n<\/div>\n\t\t\t\t\t\t\t\t\t\t\t<\/div>\n\t\t\t\t\t\t\t\t\t\t\t\t\t\t<div class=\"employee col-md-4 col-sm-6 col-xs-6\">\n\t\t\t\t\t\t\t\t\t\t\t\t\t\t\t\t\t\t\t\t\t<a href=\"https:\/\/www.f-u-s.org\/\"><img class=\"employee-photo wow zoomInDown\" src=\"https:\/\/ivonet.org\/wp-content\/uploads\/2018\/04\/stefan-Friemel-Sui\u00e7a.jpg\" alt=\"Stefan Friemel\"><\/a>\n\t\t\t\t\t\t\t\t\t\t\t\t\t\n\t\t\t\t\t\t<h4 class=\"employee-name wow fadeInUp\">Stefan Friemel<\/h4>\n\t\t\t\t\t\t\t\t\t\t\t\t<div class=\"employee-desc wow fadeInUp\"><p><strong class=\"employee-blue\">Verband Fuss &#038; Schuh, Orthop\u00e4dieschuhtechnik und Schuhservice Schweiz<\/strong><\/p>\n<p>Hirschmattstrasse 36, Postfach 3065,<br \/>\nCH \u2013 6002 Luzern<br \/>\nSwitzerland<br \/>\n<strong>Tel.:<\/strong> 0041-41 368 58 09<br \/>\n<strong>Fax:<\/strong> 0041-41 368 58 59<br \/>\n<strong>Mail:<\/strong> <a href=\"mailto:info@f-u-s.ch\">info@f-u-s.ch<\/a><\/p>\n<\/div>\n\t\t\t\t\t\t\t\t\t\t\t<\/div>\n\t\t\t\t\t\t\t\t\t\t\t\t\t\t<div class=\"employee col-md-4 col-sm-6 col-xs-6\">\n\t\t\t\t\t\t\t\t\t\t\t\t\t\t\t\t\t\t\t\t\t<a href=\"http:\/\/www.pedorthic.ca\"><img class=\"employee-photo wow zoomInDown\" src=\"https:\/\/ivonet.org\/wp-content\/uploads\/2017\/10\/Jeff-Grimshaw.png\" alt=\"Jeff Grimshaw\"><\/a>\n\t\t\t\t\t\t\t\t\t\t\t\t\t\n\t\t\t\t\t\t<h4 class=\"employee-name wow fadeInUp\">Jeff Grimshaw<\/h4>\n\t\t\t\t\t\t\t\t\t\t\t\t<div class=\"employee-desc wow fadeInUp\"><p><strong class=\"employee-blue\">PAC &#8211; Pedorthic Association of Canada<\/strong><\/p>\n<p>503-386 Broadway,<br \/>\nWinnipeg, Manitoba R3C 3R6<br \/>\nCanada<br \/>\n<strong>Tel.: <\/strong>882-268-4404 \/ 204-282-9814<br \/>\n<strong>Fax:<\/strong> + 1 (204) 947-9767<br \/>\n<strong>Mail:<\/strong> <a href=\"mailto:jgrimshaw@wmclinics.com\">jgrimshaw@wmclinics.com<\/a><\/p>\n<\/div>\n\t\t\t\t\t\t\t\t\t\t\t\t\t<div class=\"employee-social wow fadeInUp\">\n\t\t\t\t\t\t\t\t\t\t\t\t\t\t\t\t\t<a href=\"http:\/\/www.pedorthic.ca\/facebook\" target=\"_blank\"><i class=\"fa fa-facebook\"><\/i><\/a>\n\t\t\t\t\t\t\t\t\t\t\t\t\t\t\t\t\t\t\t\t\t\t\t\t\t\t\t\t\t\t\t\t\t\t\t\n\t\t\t\t\t\t\t\t\t\t\t\t\t\t\t<\/div>\n\t\t\t\t\t\t\t\t\t\t\t<\/div>\n\t\t\t\t\t\t\t\t\t\t\t\t\t\t<div class=\"employee col-md-4 col-sm-6 col-xs-6\">\n\t\t\t\t\t\t\t\t\t\t\t\t\t\t\t\t\t\t\t\t\t<a href=\"http:\/\/www.bbot.be\"><img class=\"employee-photo wow zoomInDown\" src=\"https:\/\/ivonet.org\/wp-content\/uploads\/2017\/10\/Marc-Coninx.jpg\" alt=\"Mark Coninx\"><\/a>\n\t\t\t\t\t\t\t\t\t\t\t\t\t\n\t\t\t\t\t\t<h4 class=\"employee-name wow fadeInUp\">Mark Coninx<\/h4>\n\t\t\t\t\t\t\t\t\t\t\t\t<div class=\"employee-desc wow fadeInUp\"><p><strong class=\"employee-blue\">BBOT &#8211; Belgische Beroepsvereniging van Orthopedische Technologie\u00ebn<\/strong><br \/>\n<strong class=\"employee-blue\">UPBTO &#8211; Union Professionnelle belge des Technologies Orthop\u00e9diques<\/strong><\/p>\n<p>Mechelsesteenweg \u00a0253b, 1800 Vilvoorde<br \/>\nBelgium<br \/>\n<strong>Tel.:<\/strong> 32 &#8211; 2\/251 75 78<br \/>\n<strong>Fax:<\/strong> 32 &#8211; 2\/251 87 73<br \/>\n<strong>Mail: <\/strong><a href=\"mailto:koen.vansteenwegen@thomasmore.be\">koen.vansteenwegen@thomasmore.be<\/a><\/p>\n<\/div>\n\t\t\t\t\t\t\t\t\t\t\t<\/div>\n\t\t\t\t\t\t\t\t\t\t\t\t\t\t<div class=\"employee col-md-4 col-sm-6 col-xs-6\">\n\t\t\t\t\t\t\t\t\t\t\t\t\t\t\t\t\t\t\t\t\t<a href=\"http:\/\/www.apmgfa.org.au\"><img class=\"employee-photo wow zoomInDown\" src=\"https:\/\/ivonet.org\/wp-content\/uploads\/2017\/10\/Conny-Goldbaek-Dinamarca.jpg\" alt=\"Conny Guldb\u00e6k\"><\/a>\n\t\t\t\t\t\t\t\t\t\t\t\t\t\n\t\t\t\t\t\t<h4 class=\"employee-name wow fadeInUp\">Conny Guldb\u00e6k<\/h4>\n\t\t\t\t\t\t\t\t\t\t\t\t<div class=\"employee-desc wow fadeInUp\"><p><strong class=\"employee-blue\">FOH &#8211; Foreningen af Ortop\u00e6diske H\u00e5ndskomagermestre<\/strong><\/p>\n<p>c\/ o Conferation of Danish Industry<br \/>\nDanmarksgade 20, DK 6700 Esbjerg,<br \/>\nDenmark<br \/>\n<strong>Tel.:<\/strong> 0045 21262388<br \/>\n<strong>Mail: <\/strong><a href=\"mailto:conny@letgang.dk\">conny@letgang.dk<\/a><\/p>\n<\/div>\n\t\t\t\t\t\t\t\t\t\t\t<\/div>\n\t\t\t\t\t\t\t\t\t\t\t\t\t\t<div class=\"employee col-md-4 col-sm-6 col-xs-6\">\n\t\t\t\t\t\t\t\t\t\t\t\t\t\t\t\t\t\t\t\t\t<a href=\"http:\/\/www.zvos.de\"><img class=\"employee-photo wow zoomInDown\" src=\"https:\/\/ivonet.org\/wp-content\/uploads\/2017\/10\/Stephan-Jehring-ZVOS22.jpg\" alt=\"Stephan Jehring\"><\/a>\n\t\t\t\t\t\t\t\t\t\t\t\t\t\n\t\t\t\t\t\t<h4 class=\"employee-name wow fadeInUp\">Stephan Jehring<\/h4>\n\t\t\t\t\t\t\t\t\t\t\t\t<div class=\"employee-desc wow fadeInUp\"><p><strong class=\"employee-blue\">Zentralverband Orthop\u00e4die-Schuhtechnik<\/strong><\/p>\n<p>Ricklinger Stadtweg 92<br \/>\n30459 Hannover<br \/>\n<strong>Tel.:<\/strong> 0049 &#8211; 511 &#8211; 54 39 80-80<br \/>\n<strong>Fax:<\/strong> 0049 &#8211; 511 &#8211; 54 39 80-70<br \/>\n<strong>Mail: <\/strong><a href=\"mailto:info@zvos.de\">info@zvos.de<\/a><\/p>\n<\/div>\n\t\t\t\t\t\t\t\t\t\t\t<\/div>\n\t\t\t\t\t\t\t\t\t\t\t\t\t\t<div class=\"employee col-md-4 col-sm-6 col-xs-6\">\n\t\t\t\t\t\t\t\t\t\t\t\t\t\t\t\t\t\t\t\t\t<a href=\"http:\/\/ivojapan.com\"><img class=\"employee-photo wow zoomInDown\" src=\"https:\/\/ivonet.org\/wp-content\/uploads\/2017\/10\/KAORU.png\" alt=\"Kaoru Abe\"><\/a>\n\t\t\t\t\t\t\t\t\t\t\t\t\t\n\t\t\t\t\t\t<h4 class=\"employee-name wow fadeInUp\">Kaoru Abe<\/h4>\n\t\t\t\t\t\t\t\t\t\t\t\t<div class=\"employee-desc wow fadeInUp\"><p><strong class=\"employee-blue\">I.V.O. Japan<\/strong><br \/>\n<strong class=\"employee-blue\">Nihon Seikeikutsugijutsu Kyokai\u00a0<\/strong><\/p>\n<p>AT Kaoru Abe laboratory, 1398 Shimami-cho, Kita-ku,<br \/>\nNiigata 950-3198 Japan<br \/>\n<strong>Tel.:<\/strong> 0081 &#8211; 25-257-4525<br \/>\n<strong>Fax:<\/strong> 0081 &#8211; 25-257-4525<br \/>\n<strong>Mail: <a href=\"mailto:info@ivojapan.com\">info@ivojapan.com<\/a><\/strong><\/p>\n<\/div>\n\t\t\t\t\t\t\t\t\t\t\t<\/div>\n\t\t\t\t\t\t\t\t\t\t\t\t\t\t<div class=\"employee col-md-4 col-sm-6 col-xs-6\">\n\t\t\t\t\t\t\t\t\t\t\t\t\t\t\t\t\t\t\t\t\t<a href=\"http:\/\/www.fda.lu\"><img class=\"employee-photo wow zoomInDown\" src=\"https:\/\/ivonet.org\/wp-content\/uploads\/2017\/10\/LUXEMBURGO-Raymond-Boden.jpg\" alt=\"Raymond Boden\"><\/a>\n\t\t\t\t\t\t\t\t\t\t\t\t\t\n\t\t\t\t\t\t<h4 class=\"employee-name wow fadeInUp\">Raymond Boden<\/h4>\n\t\t\t\t\t\t\t\t\t\t\t\t<div class=\"employee-desc wow fadeInUp\"><p><strong class=\"employee-blue\">Federation des Bottiers-Orthop\u00e9distes et Cordonniers du Grand-Duch\u00e9 de Luxembourg<\/strong><\/p>\n<p>2 Circuit de La Foire Internationale,<br \/>\n1347 Luxembourg-Kirchberg oder BP 1604,<br \/>\n1016 Luxembourg<br \/>\n<strong>Tel.:<\/strong> 00352-42 45 11-1<br \/>\n<strong>Fax:<\/strong> 00352-424525<br \/>\n<strong>Mail: <\/strong><a href=\"mailto:info@fda.lu\">info@fda.lu<\/a><\/p>\n<\/div>\n\t\t\t\t\t\t\t\t\t\t\t<\/div>\n\t\t\t\t\t\t\t\t\t\t\t\t\t\t<div class=\"employee col-md-4 col-sm-6 col-xs-6\">\n\t\t\t\t\t\t\t\t\t\t\t\t\t\t\t\t\t\t\t\t\t<a href=\"http:\/\/www.nvos-orthobanda.nl\"><img class=\"employee-photo wow zoomInDown\" src=\"https:\/\/ivonet.org\/wp-content\/uploads\/2021\/12\/GerardGravemaker.png\" alt=\"Ginus Nusteling\"><\/a>\n\t\t\t\t\t\t\t\t\t\t\t\t\t\n\t\t\t\t\t\t<h4 class=\"employee-name wow fadeInUp\">Ginus Nusteling<\/h4>\n\t\t\t\t\t\t\t\t\t\t\t\t<div class=\"employee-desc wow fadeInUp\"><p><strong class=\"employee-blue\">NVOS &#8211; Orthobanda<\/strong><\/p>\n<p>Transistorstraat 71 M<br \/>\n1322 CK\u00a0 ALMERE<br \/>\nThe Netherlands<br \/>\n<strong>Tel.:<\/strong> 0031-35 588 04 95<br \/>\n<strong>Mail: <\/strong><a href=\"mailto:info@nvos-orthobanda.nl\">info@nvos-orthobanda.nl<\/a><\/p>\n<\/div>\n\t\t\t\t\t\t\t\t\t\t\t<\/div>\n\t\t\t\t\t\t\t\t\t\t\t\t\t\t<div class=\"employee col-md-4 col-sm-6 col-xs-6\">\n\t\t\t\t\t\t\t\t\t\t\t\t\t\t\t\t\t\t\t\t\t<a href=\"http:\/\/www.zv-ortho.at\"><img class=\"employee-photo wow zoomInDown\" src=\"https:\/\/ivonet.org\/wp-content\/uploads\/2017\/10\/Austria-1.jpg\" alt=\"Christian Schindlegger\"><\/a>\n\t\t\t\t\t\t\t\t\t\t\t\t\t\n\t\t\t\t\t\t<h4 class=\"employee-name wow fadeInUp\">Christian Schindlegger<\/h4>\n\t\t\t\t\t\t\t\t\t\t\t\t<div class=\"employee-desc wow fadeInUp\"><p><strong class=\"employee-blue\">\u00d6sterreichischer Zentralverband f\u00fcr Orthop\u00e4die-Schuhtechnik<\/strong><\/p>\n<p>Bahnhofstr. 4, 3204 Kirchberg<br \/>\nAustria<br \/>\n<strong>Tel.:<\/strong> 0043-2722 7320<br \/>\n<strong>Fax:<\/strong> 0043-2722 7320 41<br \/>\n<strong>Mail:<\/strong> <a href=\"mailto:office@zv-ortho.at\">office@zv-ortho.at<\/a><\/p>\n<\/div>\n\t\t\t\t\t\t\t\t\t\t\t<\/div>\n\t\t\t\t\t\t\t<\/div>\n\t\t\t\t\t\n\t\t<\/section>\n\t\t\t\t\n\t\t\n\t<\/div><\/div><\/div><\/div>","protected":false},"excerpt":{"rendered":"<p>Nationale Verb\\u00e4nde der folgenden L\\u00e4nder sind Mitglieder von IVO :<\/p>\n","protected":false},"author":13,"featured_media":0,"parent":0,"menu_order":0,"comment_status":"closed","ping_status":"closed","template":"page_fullwidth.php","meta":{"footnotes":""},"_links":{"self":[{"href":"https:\/\/ivonet.org\/de\/wp-json\/wp\/v2\/pages\/45"}],"collection":[{"href":"https:\/\/ivonet.org\/de\/wp-json\/wp\/v2\/pages"}],"about":[{"href":"https:\/\/ivonet.org\/de\/wp-json\/wp\/v2\/types\/page"}],"author":[{"embeddable":true,"href":"https:\/\/ivonet.org\/de\/wp-json\/wp\/v2\/users\/13"}],"replies":[{"embeddable":true,"href":"https:\/\/ivonet.org\/de\/wp-json\/wp\/v2\/comments?post=45"}],"version-history":[{"count":30,"href":"https:\/\/ivonet.org\/de\/wp-json\/wp\/v2\/pages\/45\/revisions"}],"predecessor-version":[{"id":1035,"href":"https:\/\/ivonet.org\/de\/wp-json\/wp\/v2\/pages\/45\/revisions\/1035"}],"wp:attachment":[{"href":"https:\/\/ivonet.org\/de\/wp-json\/wp\/v2\/media?parent=45"}],"curies":[{"name":"wp","href":"https:\/\/api.w.org\/{rel}","templated":true}]}}