{"id":12,"date":"2017-10-13T18:28:03","date_gmt":"2017-10-13T17:28:03","guid":{"rendered":"http:\/\/it-consults.eu\/ivonet\/?page_id=12"},"modified":"2021-12-14T10:29:28","modified_gmt":"2021-12-14T10:29:28","slug":"home-3","status":"publish","type":"page","link":"https:\/\/ivonet.org\/de\/","title":{"rendered":"Home"},"content":{"rendered":"<h2>Verband:<\/h2>\n<p><strong>Der IVO dient der F\u00f6rderung der internationalen Zusammenarbeit auf den Gebiet der Orthop\u00e4die-Schuhtechnik.<\/strong><\/p>\n<p>&nbsp;<\/p>\n<p><u>Der IVO hat unter anderem folgende Aufgaben:<\/u><\/p>\n<p>&nbsp;<\/p>\n<ul>\n<li>Durchf\u00fchrung internationaler Fachtagungen, Fachausstellungen und Leistungswettbewerben<\/li>\n<li>F\u00f6rderung grenz\u00fcberschreitender Fachkontakte<\/li>\n<li>Gemeinsame Bem\u00fchungen um eine enge Zusammenarbeit mit der Fach\u00e4rzteschaft, den Verb\u00e4nden der paramedizinischen Berufe, sowie mit den nationalen und internationalen Einrichtungen zur Pr\u00e4vention und Rehabilitation im Bereich der Orthop\u00e4die<\/li>\n<li>Gemeinsame Bem\u00fchungen um Angleichung im Ausbildungs- und Pr\u00fcfungswesen und um Vereinheitlichung des Berufsbildes<\/li>\n<li>Erfahrungsaustausch auf fachtechnischem Gebiet<\/li>\n<li>F\u00f6rderung des Austausches von Mitarbeitern<\/li>\n<li>Ma\u00dfnahmen zur \u00dcberwindung der Sprachbarrieren<\/li>\n<li>Kontaktaufnahme zur beruflichen Vereinigung weltweit<\/li>\n<li>Unterst\u00fctzung der dritten Welt in allen Fragen der Versorgung mit orthop\u00e4dischen Heil- und Hilfsmitteln, insbesondere bei der Aus &#8211; und Weiterbildung eines geeigneten Berufsnachwuchses<\/li>\n<\/ul>\n<p>&nbsp;<\/p>\n<hr \/>\n<h2>\u00dcber den IVO:<\/h2>\n<p>&nbsp;<\/p>\n<ul>\n<li>Der IVO ist der Zusammenschluss in- und ausl\u00e4ndischer Organisationen und Verb\u00e4nde des Handwerks der Orthop\u00e4dieschuhtechnik.<\/li>\n<li>Der IVO versucht die internationale Zusammenarbeit sowie grenz\u00fcberschreitende Fachkontakte auf dem Gebiet der Orthop\u00e4die-Schuhtechnik zu f\u00f6rdern.<\/li>\n<li>Der IVO f\u00fchrt internationale Fachtagungen, Ausstellungen auf diesem Gebiet durch.<\/li>\n<li>Schaffung internationaler g\u00fcltiger Richtlinien f\u00fcr die Durchf\u00fchrung und Bewertung von Leistungsschauen und Leistungswettbewerben.<\/li>\n<li>F\u00f6rderung einer einheitlichen Fachterminologie.<\/li>\n<li>Gemeinsame Bem\u00fchungen um eine enge Zusammenarbeit mit der Fach\u00e4rzteschaft, den Verb\u00e4nden der paramedizinischen Berufe, sowie mit den nationalen und internationalen Einrichtungen zur Pr\u00e4vention und Rehabilitation im Bereich der Orthop\u00e4die.<\/li>\n<li>Gemeinsame Bem\u00fchungen um Angleichung im Ausbildungs- und Pr\u00fcfungswesen und um Vereinheitlichung des Berufsbildes.<\/li>\n<li>Erfahrungsaustausch auf fachtechnischem Gebiet durch Vermittlung von Fachreferenten, Fachliteratur und Demonstrationsmaterial (Werkst\u00fccke, Lehrfilme, Lichtbildserien, Computer, Technologie usw.)<\/li>\n<li>Austausch von statistischem Material, von Untersuchungsergebnissen und Erfahrungen wirtschaftlicher, betriebswirtschaftlicher und sozialpolitischer Art, sowie von Informationen zur Werbung und f\u00fcr die \u00d6ffentlichkeitsarbeit.<\/li>\n<li>F\u00f6rderung des Austausches von Mitarbeitern.<\/li>\n<li>Massnahmen zur \u00dcberwindung der Sprachbarrieren durch Zusammenarbeit der Fachzeitschriften und durch Bereitstellung von \u00dcbersetzern.<\/li>\n<li>Kontaktaufnahme zur beruflichen Vereinigung auf der ganzen Welt, soweit sie sich mit den Problemen der orthop\u00e4die-schuhtechnischen Versorgung befassen.<\/li>\n<li>Unterst\u00fctzung der dritten Welt in allen Fragen der Versorgung mit orthop\u00e4dischen Heil- und Hilfsmitteln, insbesondere bei der Aus- und Weiterbildung eines geeigneten Berufsnachwuchses.<\/li>\n<li>Im Abstand von drei Jahren findet ein Kongress statt.<\/li>\n<\/ul>\n","protected":false},"excerpt":{"rendered":"<p>Verband: Der IVO dient der F\u00f6rderung der internationalen Zusammenarbeit auf den Gebiet der Orthop\u00e4die-Schuhtechnik. &nbsp; Der IVO hat unter anderem folgende Aufgaben: &nbsp; Durchf\u00fchrung internationaler Fachtagungen, Fachausstellungen und Leistungswettbewerben F\u00f6rderung [&hellip;]<\/p>\n","protected":false},"author":13,"featured_media":0,"parent":0,"menu_order":0,"comment_status":"closed","ping_status":"closed","template":"page_fullwidth.php","meta":{"footnotes":""},"_links":{"self":[{"href":"https:\/\/ivonet.org\/de\/wp-json\/wp\/v2\/pages\/12"}],"collection":[{"href":"https:\/\/ivonet.org\/de\/wp-json\/wp\/v2\/pages"}],"about":[{"href":"https:\/\/ivonet.org\/de\/wp-json\/wp\/v2\/types\/page"}],"author":[{"embeddable":true,"href":"https:\/\/ivonet.org\/de\/wp-json\/wp\/v2\/users\/13"}],"replies":[{"embeddable":true,"href":"https:\/\/ivonet.org\/de\/wp-json\/wp\/v2\/comments?post=12"}],"version-history":[{"count":129,"href":"https:\/\/ivonet.org\/de\/wp-json\/wp\/v2\/pages\/12\/revisions"}],"predecessor-version":[{"id":1100,"href":"https:\/\/ivonet.org\/de\/wp-json\/wp\/v2\/pages\/12\/revisions\/1100"}],"wp:attachment":[{"href":"https:\/\/ivonet.org\/de\/wp-json\/wp\/v2\/media?parent=12"}],"curies":[{"name":"wp","href":"https:\/\/api.w.org\/{rel}","templated":true}]}}